{"id":39,"date":"2024-11-14T11:43:26","date_gmt":"2024-11-14T11:43:26","guid":{"rendered":"https:\/\/eromero.inscastellbisbal.net\/?page_id=39"},"modified":"2024-11-14T12:11:51","modified_gmt":"2024-11-14T12:11:51","slug":"ipop","status":"publish","type":"page","link":"https:\/\/eromero.inscastellbisbal.net\/index.php\/ipop\/","title":{"rendered":"iPOP"},"content":{"rendered":"\n<p>La formaci\u00f3 professional actual desenvolupa les compet\u00e8ncies i qualificacions necess\u00e0ries per al creixement professional, amb un enfocament en l&#8217;aprenentatge continu durant tota la vida. Seguint la Llei 10\/2015, els centres d&#8217;FP inicials preparen els estudiants per afrontar els reptes del mercat laboral i adaptar-se als canvis.<\/p>\n\n\n\n<p>En acabar el cicle formatiu, cada alumne rep un Informe Personal d&#8217;Orientaci\u00f3 Professional (IPOP), que inclou un pla personalitzat per millorar la seva qualificaci\u00f3 i especialitzar-se en una \u00e0rea d\u2019inter\u00e8s. Aquest informe detalla el curr\u00edculum per compet\u00e8ncies, l\u2019\u00e0mbit d&#8217;especialitzaci\u00f3 professional desitjat i un itinerari formatiu per assolir l&#8217;especialitzaci\u00f3 triada.<\/p>\n\n\n\n<p>L&#8217;IPOP pot adoptar diferents formats, com un portfoli digital, una p\u00e0gina web o una presentaci\u00f3.<\/p>\n\n\n\n<figure class=\"wp-block-image size-large\"><img fetchpriority=\"high\" decoding=\"async\" width=\"1024\" height=\"576\" src=\"https:\/\/eromero.inscastellbisbal.net\/wp-content\/uploads\/2024\/11\/Elena-Romero-Alvarez-Informe-POP-AACC_00015-1024x576.jpg\" alt=\"\" class=\"wp-image-40\" srcset=\"https:\/\/eromero.inscastellbisbal.net\/wp-content\/uploads\/2024\/11\/Elena-Romero-Alvarez-Informe-POP-AACC_00015-1024x576.jpg 1024w, https:\/\/eromero.inscastellbisbal.net\/wp-content\/uploads\/2024\/11\/Elena-Romero-Alvarez-Informe-POP-AACC_00015-300x169.jpg 300w, https:\/\/eromero.inscastellbisbal.net\/wp-content\/uploads\/2024\/11\/Elena-Romero-Alvarez-Informe-POP-AACC_00015-768x432.jpg 768w, https:\/\/eromero.inscastellbisbal.net\/wp-content\/uploads\/2024\/11\/Elena-Romero-Alvarez-Informe-POP-AACC_00015-1536x864.jpg 1536w, https:\/\/eromero.inscastellbisbal.net\/wp-content\/uploads\/2024\/11\/Elena-Romero-Alvarez-Informe-POP-AACC_00015.jpg 2000w\" sizes=\"(max-width: 1024px) 100vw, 1024px\" \/><\/figure>\n\n\n\n<figure class=\"wp-block-image size-large\"><img decoding=\"async\" width=\"1024\" height=\"576\" src=\"https:\/\/eromero.inscastellbisbal.net\/wp-content\/uploads\/2024\/11\/Elena-Romero-Alvarez-Informe-POP-AACC_00002-1024x576.jpg\" alt=\"\" class=\"wp-image-42\" srcset=\"https:\/\/eromero.inscastellbisbal.net\/wp-content\/uploads\/2024\/11\/Elena-Romero-Alvarez-Informe-POP-AACC_00002-1024x576.jpg 1024w, https:\/\/eromero.inscastellbisbal.net\/wp-content\/uploads\/2024\/11\/Elena-Romero-Alvarez-Informe-POP-AACC_00002-300x169.jpg 300w, https:\/\/eromero.inscastellbisbal.net\/wp-content\/uploads\/2024\/11\/Elena-Romero-Alvarez-Informe-POP-AACC_00002-768x432.jpg 768w, https:\/\/eromero.inscastellbisbal.net\/wp-content\/uploads\/2024\/11\/Elena-Romero-Alvarez-Informe-POP-AACC_00002-1536x864.jpg 1536w, https:\/\/eromero.inscastellbisbal.net\/wp-content\/uploads\/2024\/11\/Elena-Romero-Alvarez-Informe-POP-AACC_00002.jpg 2000w\" sizes=\"(max-width: 1024px) 100vw, 1024px\" \/><\/figure>\n\n\n\n<figure class=\"wp-block-image size-large\"><img decoding=\"async\" width=\"1024\" height=\"576\" src=\"https:\/\/eromero.inscastellbisbal.net\/wp-content\/uploads\/2024\/11\/Elena-Romero-Alvarez-Informe-POP-AACC_00003-1024x576.jpg\" alt=\"\" class=\"wp-image-43\" srcset=\"https:\/\/eromero.inscastellbisbal.net\/wp-content\/uploads\/2024\/11\/Elena-Romero-Alvarez-Informe-POP-AACC_00003-1024x576.jpg 1024w, https:\/\/eromero.inscastellbisbal.net\/wp-content\/uploads\/2024\/11\/Elena-Romero-Alvarez-Informe-POP-AACC_00003-300x169.jpg 300w, https:\/\/eromero.inscastellbisbal.net\/wp-content\/uploads\/2024\/11\/Elena-Romero-Alvarez-Informe-POP-AACC_00003-768x432.jpg 768w, https:\/\/eromero.inscastellbisbal.net\/wp-content\/uploads\/2024\/11\/Elena-Romero-Alvarez-Informe-POP-AACC_00003-1536x864.jpg 1536w, https:\/\/eromero.inscastellbisbal.net\/wp-content\/uploads\/2024\/11\/Elena-Romero-Alvarez-Informe-POP-AACC_00003.jpg 2000w\" sizes=\"(max-width: 1024px) 100vw, 1024px\" \/><\/figure>\n\n\n\n<figure class=\"wp-block-image size-large\"><img loading=\"lazy\" decoding=\"async\" width=\"1024\" height=\"576\" src=\"https:\/\/eromero.inscastellbisbal.net\/wp-content\/uploads\/2024\/11\/Elena-Romero-Alvarez-Informe-POP-AACC_00004-1024x576.jpg\" alt=\"\" class=\"wp-image-44\" srcset=\"https:\/\/eromero.inscastellbisbal.net\/wp-content\/uploads\/2024\/11\/Elena-Romero-Alvarez-Informe-POP-AACC_00004-1024x576.jpg 1024w, https:\/\/eromero.inscastellbisbal.net\/wp-content\/uploads\/2024\/11\/Elena-Romero-Alvarez-Informe-POP-AACC_00004-300x169.jpg 300w, https:\/\/eromero.inscastellbisbal.net\/wp-content\/uploads\/2024\/11\/Elena-Romero-Alvarez-Informe-POP-AACC_00004-768x432.jpg 768w, https:\/\/eromero.inscastellbisbal.net\/wp-content\/uploads\/2024\/11\/Elena-Romero-Alvarez-Informe-POP-AACC_00004-1536x864.jpg 1536w, https:\/\/eromero.inscastellbisbal.net\/wp-content\/uploads\/2024\/11\/Elena-Romero-Alvarez-Informe-POP-AACC_00004.jpg 2000w\" sizes=\"(max-width: 1024px) 100vw, 1024px\" \/><\/figure>\n\n\n\n<figure class=\"wp-block-image size-large\"><img loading=\"lazy\" decoding=\"async\" width=\"1024\" height=\"576\" src=\"https:\/\/eromero.inscastellbisbal.net\/wp-content\/uploads\/2024\/11\/Elena-Romero-Alvarez-Informe-POP-AACC_00005-1024x576.jpg\" alt=\"\" class=\"wp-image-45\" srcset=\"https:\/\/eromero.inscastellbisbal.net\/wp-content\/uploads\/2024\/11\/Elena-Romero-Alvarez-Informe-POP-AACC_00005-1024x576.jpg 1024w, https:\/\/eromero.inscastellbisbal.net\/wp-content\/uploads\/2024\/11\/Elena-Romero-Alvarez-Informe-POP-AACC_00005-300x169.jpg 300w, https:\/\/eromero.inscastellbisbal.net\/wp-content\/uploads\/2024\/11\/Elena-Romero-Alvarez-Informe-POP-AACC_00005-768x432.jpg 768w, https:\/\/eromero.inscastellbisbal.net\/wp-content\/uploads\/2024\/11\/Elena-Romero-Alvarez-Informe-POP-AACC_00005-1536x864.jpg 1536w, https:\/\/eromero.inscastellbisbal.net\/wp-content\/uploads\/2024\/11\/Elena-Romero-Alvarez-Informe-POP-AACC_00005.jpg 2000w\" sizes=\"(max-width: 1024px) 100vw, 1024px\" \/><\/figure>\n\n\n\n<figure class=\"wp-block-image size-large\"><img loading=\"lazy\" decoding=\"async\" width=\"1024\" height=\"576\" src=\"https:\/\/eromero.inscastellbisbal.net\/wp-content\/uploads\/2024\/11\/Elena-Romero-Alvarez-Informe-POP-AACC_00006-1024x576.jpg\" alt=\"\" class=\"wp-image-46\" srcset=\"https:\/\/eromero.inscastellbisbal.net\/wp-content\/uploads\/2024\/11\/Elena-Romero-Alvarez-Informe-POP-AACC_00006-1024x576.jpg 1024w, https:\/\/eromero.inscastellbisbal.net\/wp-content\/uploads\/2024\/11\/Elena-Romero-Alvarez-Informe-POP-AACC_00006-300x169.jpg 300w, https:\/\/eromero.inscastellbisbal.net\/wp-content\/uploads\/2024\/11\/Elena-Romero-Alvarez-Informe-POP-AACC_00006-768x432.jpg 768w, https:\/\/eromero.inscastellbisbal.net\/wp-content\/uploads\/2024\/11\/Elena-Romero-Alvarez-Informe-POP-AACC_00006-1536x864.jpg 1536w, https:\/\/eromero.inscastellbisbal.net\/wp-content\/uploads\/2024\/11\/Elena-Romero-Alvarez-Informe-POP-AACC_00006.jpg 2000w\" sizes=\"(max-width: 1024px) 100vw, 1024px\" \/><\/figure>\n\n\n\n<figure class=\"wp-block-image size-large\"><img loading=\"lazy\" decoding=\"async\" width=\"1024\" height=\"576\" src=\"https:\/\/eromero.inscastellbisbal.net\/wp-content\/uploads\/2024\/11\/Elena-Romero-Alvarez-Informe-POP-AACC_00007-1024x576.jpg\" alt=\"\" class=\"wp-image-47\" srcset=\"https:\/\/eromero.inscastellbisbal.net\/wp-content\/uploads\/2024\/11\/Elena-Romero-Alvarez-Informe-POP-AACC_00007-1024x576.jpg 1024w, https:\/\/eromero.inscastellbisbal.net\/wp-content\/uploads\/2024\/11\/Elena-Romero-Alvarez-Informe-POP-AACC_00007-300x169.jpg 300w, https:\/\/eromero.inscastellbisbal.net\/wp-content\/uploads\/2024\/11\/Elena-Romero-Alvarez-Informe-POP-AACC_00007-768x432.jpg 768w, https:\/\/eromero.inscastellbisbal.net\/wp-content\/uploads\/2024\/11\/Elena-Romero-Alvarez-Informe-POP-AACC_00007-1536x864.jpg 1536w, https:\/\/eromero.inscastellbisbal.net\/wp-content\/uploads\/2024\/11\/Elena-Romero-Alvarez-Informe-POP-AACC_00007.jpg 2000w\" sizes=\"(max-width: 1024px) 100vw, 1024px\" \/><\/figure>\n\n\n\n<figure class=\"wp-block-image size-large\"><img loading=\"lazy\" decoding=\"async\" width=\"1024\" height=\"576\" src=\"https:\/\/eromero.inscastellbisbal.net\/wp-content\/uploads\/2024\/11\/Elena-Romero-Alvarez-Informe-POP-AACC_00008-1024x576.jpg\" alt=\"\" class=\"wp-image-48\" srcset=\"https:\/\/eromero.inscastellbisbal.net\/wp-content\/uploads\/2024\/11\/Elena-Romero-Alvarez-Informe-POP-AACC_00008-1024x576.jpg 1024w, https:\/\/eromero.inscastellbisbal.net\/wp-content\/uploads\/2024\/11\/Elena-Romero-Alvarez-Informe-POP-AACC_00008-300x169.jpg 300w, https:\/\/eromero.inscastellbisbal.net\/wp-content\/uploads\/2024\/11\/Elena-Romero-Alvarez-Informe-POP-AACC_00008-768x432.jpg 768w, https:\/\/eromero.inscastellbisbal.net\/wp-content\/uploads\/2024\/11\/Elena-Romero-Alvarez-Informe-POP-AACC_00008-1536x864.jpg 1536w, https:\/\/eromero.inscastellbisbal.net\/wp-content\/uploads\/2024\/11\/Elena-Romero-Alvarez-Informe-POP-AACC_00008.jpg 2000w\" sizes=\"(max-width: 1024px) 100vw, 1024px\" \/><\/figure>\n\n\n\n<figure class=\"wp-block-image size-large\"><img loading=\"lazy\" decoding=\"async\" width=\"1024\" height=\"576\" src=\"https:\/\/eromero.inscastellbisbal.net\/wp-content\/uploads\/2024\/11\/Elena-Romero-Alvarez-Informe-POP-AACC_00010-1024x576.jpg\" alt=\"\" class=\"wp-image-50\" srcset=\"https:\/\/eromero.inscastellbisbal.net\/wp-content\/uploads\/2024\/11\/Elena-Romero-Alvarez-Informe-POP-AACC_00010-1024x576.jpg 1024w, https:\/\/eromero.inscastellbisbal.net\/wp-content\/uploads\/2024\/11\/Elena-Romero-Alvarez-Informe-POP-AACC_00010-300x169.jpg 300w, https:\/\/eromero.inscastellbisbal.net\/wp-content\/uploads\/2024\/11\/Elena-Romero-Alvarez-Informe-POP-AACC_00010-768x432.jpg 768w, https:\/\/eromero.inscastellbisbal.net\/wp-content\/uploads\/2024\/11\/Elena-Romero-Alvarez-Informe-POP-AACC_00010-1536x864.jpg 1536w, https:\/\/eromero.inscastellbisbal.net\/wp-content\/uploads\/2024\/11\/Elena-Romero-Alvarez-Informe-POP-AACC_00010.jpg 2000w\" sizes=\"(max-width: 1024px) 100vw, 1024px\" \/><\/figure>\n\n\n\n<figure class=\"wp-block-image size-large\"><img loading=\"lazy\" decoding=\"async\" width=\"1024\" height=\"576\" src=\"https:\/\/eromero.inscastellbisbal.net\/wp-content\/uploads\/2024\/11\/Elena-Romero-Alvarez-Informe-POP-AACC_00009-1024x576.jpg\" alt=\"\" class=\"wp-image-49\" srcset=\"https:\/\/eromero.inscastellbisbal.net\/wp-content\/uploads\/2024\/11\/Elena-Romero-Alvarez-Informe-POP-AACC_00009-1024x576.jpg 1024w, https:\/\/eromero.inscastellbisbal.net\/wp-content\/uploads\/2024\/11\/Elena-Romero-Alvarez-Informe-POP-AACC_00009-300x169.jpg 300w, https:\/\/eromero.inscastellbisbal.net\/wp-content\/uploads\/2024\/11\/Elena-Romero-Alvarez-Informe-POP-AACC_00009-768x432.jpg 768w, https:\/\/eromero.inscastellbisbal.net\/wp-content\/uploads\/2024\/11\/Elena-Romero-Alvarez-Informe-POP-AACC_00009-1536x864.jpg 1536w, https:\/\/eromero.inscastellbisbal.net\/wp-content\/uploads\/2024\/11\/Elena-Romero-Alvarez-Informe-POP-AACC_00009.jpg 2000w\" sizes=\"(max-width: 1024px) 100vw, 1024px\" \/><\/figure>\n\n\n\n<figure class=\"wp-block-image size-large\"><img loading=\"lazy\" decoding=\"async\" width=\"1024\" height=\"576\" src=\"https:\/\/eromero.inscastellbisbal.net\/wp-content\/uploads\/2024\/11\/Elena-Romero-Alvarez-Informe-POP-AACC_00011-1024x576.jpg\" alt=\"\" class=\"wp-image-51\" srcset=\"https:\/\/eromero.inscastellbisbal.net\/wp-content\/uploads\/2024\/11\/Elena-Romero-Alvarez-Informe-POP-AACC_00011-1024x576.jpg 1024w, https:\/\/eromero.inscastellbisbal.net\/wp-content\/uploads\/2024\/11\/Elena-Romero-Alvarez-Informe-POP-AACC_00011-300x169.jpg 300w, https:\/\/eromero.inscastellbisbal.net\/wp-content\/uploads\/2024\/11\/Elena-Romero-Alvarez-Informe-POP-AACC_00011-768x432.jpg 768w, https:\/\/eromero.inscastellbisbal.net\/wp-content\/uploads\/2024\/11\/Elena-Romero-Alvarez-Informe-POP-AACC_00011-1536x864.jpg 1536w, https:\/\/eromero.inscastellbisbal.net\/wp-content\/uploads\/2024\/11\/Elena-Romero-Alvarez-Informe-POP-AACC_00011.jpg 2000w\" sizes=\"(max-width: 1024px) 100vw, 1024px\" \/><\/figure>\n\n\n\n<figure class=\"wp-block-image size-large\"><img loading=\"lazy\" decoding=\"async\" width=\"1024\" height=\"576\" src=\"https:\/\/eromero.inscastellbisbal.net\/wp-content\/uploads\/2024\/11\/Elena-Romero-Alvarez-Informe-POP-AACC_00012-1024x576.jpg\" alt=\"\" class=\"wp-image-52\" srcset=\"https:\/\/eromero.inscastellbisbal.net\/wp-content\/uploads\/2024\/11\/Elena-Romero-Alvarez-Informe-POP-AACC_00012-1024x576.jpg 1024w, https:\/\/eromero.inscastellbisbal.net\/wp-content\/uploads\/2024\/11\/Elena-Romero-Alvarez-Informe-POP-AACC_00012-300x169.jpg 300w, https:\/\/eromero.inscastellbisbal.net\/wp-content\/uploads\/2024\/11\/Elena-Romero-Alvarez-Informe-POP-AACC_00012-768x432.jpg 768w, https:\/\/eromero.inscastellbisbal.net\/wp-content\/uploads\/2024\/11\/Elena-Romero-Alvarez-Informe-POP-AACC_00012-1536x864.jpg 1536w, https:\/\/eromero.inscastellbisbal.net\/wp-content\/uploads\/2024\/11\/Elena-Romero-Alvarez-Informe-POP-AACC_00012.jpg 2000w\" sizes=\"(max-width: 1024px) 100vw, 1024px\" \/><\/figure>\n\n\n\n<figure class=\"wp-block-image size-large\"><img loading=\"lazy\" decoding=\"async\" width=\"1024\" height=\"576\" src=\"https:\/\/eromero.inscastellbisbal.net\/wp-content\/uploads\/2024\/11\/Elena-Romero-Alvarez-Informe-POP-AACC_00013-1024x576.jpg\" alt=\"\" class=\"wp-image-53\" srcset=\"https:\/\/eromero.inscastellbisbal.net\/wp-content\/uploads\/2024\/11\/Elena-Romero-Alvarez-Informe-POP-AACC_00013-1024x576.jpg 1024w, https:\/\/eromero.inscastellbisbal.net\/wp-content\/uploads\/2024\/11\/Elena-Romero-Alvarez-Informe-POP-AACC_00013-300x169.jpg 300w, https:\/\/eromero.inscastellbisbal.net\/wp-content\/uploads\/2024\/11\/Elena-Romero-Alvarez-Informe-POP-AACC_00013-768x432.jpg 768w, https:\/\/eromero.inscastellbisbal.net\/wp-content\/uploads\/2024\/11\/Elena-Romero-Alvarez-Informe-POP-AACC_00013-1536x864.jpg 1536w, https:\/\/eromero.inscastellbisbal.net\/wp-content\/uploads\/2024\/11\/Elena-Romero-Alvarez-Informe-POP-AACC_00013.jpg 2000w\" sizes=\"(max-width: 1024px) 100vw, 1024px\" \/><\/figure>\n\n\n\n<figure class=\"wp-block-image size-large\"><img loading=\"lazy\" decoding=\"async\" width=\"1024\" height=\"576\" src=\"https:\/\/eromero.inscastellbisbal.net\/wp-content\/uploads\/2024\/11\/Elena-Romero-Alvarez-Informe-POP-AACC_00015-1-1024x576.jpg\" alt=\"\" class=\"wp-image-55\" srcset=\"https:\/\/eromero.inscastellbisbal.net\/wp-content\/uploads\/2024\/11\/Elena-Romero-Alvarez-Informe-POP-AACC_00015-1-1024x576.jpg 1024w, https:\/\/eromero.inscastellbisbal.net\/wp-content\/uploads\/2024\/11\/Elena-Romero-Alvarez-Informe-POP-AACC_00015-1-300x169.jpg 300w, https:\/\/eromero.inscastellbisbal.net\/wp-content\/uploads\/2024\/11\/Elena-Romero-Alvarez-Informe-POP-AACC_00015-1-768x432.jpg 768w, https:\/\/eromero.inscastellbisbal.net\/wp-content\/uploads\/2024\/11\/Elena-Romero-Alvarez-Informe-POP-AACC_00015-1-1536x864.jpg 1536w, https:\/\/eromero.inscastellbisbal.net\/wp-content\/uploads\/2024\/11\/Elena-Romero-Alvarez-Informe-POP-AACC_00015-1.jpg 2000w\" sizes=\"(max-width: 1024px) 100vw, 1024px\" \/><\/figure>\n","protected":false},"excerpt":{"rendered":"<p>La formaci\u00f3 professional actual desenvolupa les compet\u00e8ncies i qualificacions necess\u00e0ries per al creixement professional, amb un enfocament en l&#8217;aprenentatge continu durant tota la vida. Seguint la Llei 10\/2015, els centres d&#8217;FP inicials preparen els estudiants per afrontar els reptes del mercat laboral i adaptar-se als canvis. En acabar el cicle formatiu, cada alumne rep un &#8230; <a title=\"iPOP\" class=\"read-more\" href=\"https:\/\/eromero.inscastellbisbal.net\/index.php\/ipop\/\" aria-label=\"Read more about iPOP\">Read more<\/a><\/p>\n","protected":false},"author":1,"featured_media":0,"parent":0,"menu_order":0,"comment_status":"closed","ping_status":"closed","template":"","meta":{"footnotes":""},"class_list":["post-39","page","type-page","status-publish"],"yoast_head":"<!-- This site is optimized with the Yoast SEO plugin v23.8 - https:\/\/yoast.com\/wordpress\/plugins\/seo\/ -->\n<title>iPOP - Elena Romero<\/title>\n<meta name=\"robots\" content=\"index, follow, max-snippet:-1, max-image-preview:large, max-video-preview:-1\" \/>\n<link rel=\"canonical\" href=\"https:\/\/eromero.inscastellbisbal.net\/index.php\/ipop\/\" \/>\n<meta property=\"og:locale\" content=\"en_US\" \/>\n<meta property=\"og:type\" content=\"article\" \/>\n<meta property=\"og:title\" content=\"iPOP - Elena Romero\" \/>\n<meta property=\"og:description\" content=\"La formaci\u00f3 professional actual desenvolupa les compet\u00e8ncies i qualificacions necess\u00e0ries per al creixement professional, amb un enfocament en l&#8217;aprenentatge continu durant tota la vida. Seguint la Llei 10\/2015, els centres d&#8217;FP inicials preparen els estudiants per afrontar els reptes del mercat laboral i adaptar-se als canvis. En acabar el cicle formatiu, cada alumne rep un ... Read more\" \/>\n<meta property=\"og:url\" content=\"https:\/\/eromero.inscastellbisbal.net\/index.php\/ipop\/\" \/>\n<meta property=\"og:site_name\" content=\"Elena Romero\" \/>\n<meta property=\"article:modified_time\" content=\"2024-11-14T12:11:51+00:00\" \/>\n<meta property=\"og:image\" content=\"https:\/\/eromero.inscastellbisbal.net\/wp-content\/uploads\/2024\/11\/Elena-Romero-Alvarez-Informe-POP-AACC_00015.jpg\" \/>\n\t<meta property=\"og:image:width\" content=\"2000\" \/>\n\t<meta property=\"og:image:height\" content=\"1125\" \/>\n\t<meta property=\"og:image:type\" content=\"image\/jpeg\" \/>\n<meta name=\"twitter:card\" content=\"summary_large_image\" \/>\n<meta name=\"twitter:label1\" content=\"Est. reading time\" \/>\n\t<meta name=\"twitter:data1\" content=\"4 minutes\" \/>\n<script type=\"application\/ld+json\" class=\"yoast-schema-graph\">{\"@context\":\"https:\/\/schema.org\",\"@graph\":[{\"@type\":\"WebPage\",\"@id\":\"https:\/\/eromero.inscastellbisbal.net\/index.php\/ipop\/\",\"url\":\"https:\/\/eromero.inscastellbisbal.net\/index.php\/ipop\/\",\"name\":\"iPOP - Elena Romero\",\"isPartOf\":{\"@id\":\"https:\/\/eromero.inscastellbisbal.net\/#website\"},\"primaryImageOfPage\":{\"@id\":\"https:\/\/eromero.inscastellbisbal.net\/index.php\/ipop\/#primaryimage\"},\"image\":{\"@id\":\"https:\/\/eromero.inscastellbisbal.net\/index.php\/ipop\/#primaryimage\"},\"thumbnailUrl\":\"https:\/\/eromero.inscastellbisbal.net\/wp-content\/uploads\/2024\/11\/Elena-Romero-Alvarez-Informe-POP-AACC_00015-1024x576.jpg\",\"datePublished\":\"2024-11-14T11:43:26+00:00\",\"dateModified\":\"2024-11-14T12:11:51+00:00\",\"breadcrumb\":{\"@id\":\"https:\/\/eromero.inscastellbisbal.net\/index.php\/ipop\/#breadcrumb\"},\"inLanguage\":\"en-US\",\"potentialAction\":[{\"@type\":\"ReadAction\",\"target\":[\"https:\/\/eromero.inscastellbisbal.net\/index.php\/ipop\/\"]}]},{\"@type\":\"ImageObject\",\"inLanguage\":\"en-US\",\"@id\":\"https:\/\/eromero.inscastellbisbal.net\/index.php\/ipop\/#primaryimage\",\"url\":\"https:\/\/eromero.inscastellbisbal.net\/wp-content\/uploads\/2024\/11\/Elena-Romero-Alvarez-Informe-POP-AACC_00015.jpg\",\"contentUrl\":\"https:\/\/eromero.inscastellbisbal.net\/wp-content\/uploads\/2024\/11\/Elena-Romero-Alvarez-Informe-POP-AACC_00015.jpg\",\"width\":2000,\"height\":1125},{\"@type\":\"BreadcrumbList\",\"@id\":\"https:\/\/eromero.inscastellbisbal.net\/index.php\/ipop\/#breadcrumb\",\"itemListElement\":[{\"@type\":\"ListItem\",\"position\":1,\"name\":\"Home\",\"item\":\"https:\/\/eromero.inscastellbisbal.net\/\"},{\"@type\":\"ListItem\",\"position\":2,\"name\":\"iPOP\"}]},{\"@type\":\"WebSite\",\"@id\":\"https:\/\/eromero.inscastellbisbal.net\/#website\",\"url\":\"https:\/\/eromero.inscastellbisbal.net\/\",\"name\":\"Elena Romero\",\"description\":\"\",\"potentialAction\":[{\"@type\":\"SearchAction\",\"target\":{\"@type\":\"EntryPoint\",\"urlTemplate\":\"https:\/\/eromero.inscastellbisbal.net\/?s={search_term_string}\"},\"query-input\":{\"@type\":\"PropertyValueSpecification\",\"valueRequired\":true,\"valueName\":\"search_term_string\"}}],\"inLanguage\":\"en-US\"}]}<\/script>\n<!-- \/ Yoast SEO plugin. -->","yoast_head_json":{"title":"iPOP - Elena Romero","robots":{"index":"index","follow":"follow","max-snippet":"max-snippet:-1","max-image-preview":"max-image-preview:large","max-video-preview":"max-video-preview:-1"},"canonical":"https:\/\/eromero.inscastellbisbal.net\/index.php\/ipop\/","og_locale":"en_US","og_type":"article","og_title":"iPOP - Elena Romero","og_description":"La formaci\u00f3 professional actual desenvolupa les compet\u00e8ncies i qualificacions necess\u00e0ries per al creixement professional, amb un enfocament en l&#8217;aprenentatge continu durant tota la vida. Seguint la Llei 10\/2015, els centres d&#8217;FP inicials preparen els estudiants per afrontar els reptes del mercat laboral i adaptar-se als canvis. En acabar el cicle formatiu, cada alumne rep un ... Read more","og_url":"https:\/\/eromero.inscastellbisbal.net\/index.php\/ipop\/","og_site_name":"Elena Romero","article_modified_time":"2024-11-14T12:11:51+00:00","og_image":[{"width":2000,"height":1125,"url":"https:\/\/eromero.inscastellbisbal.net\/wp-content\/uploads\/2024\/11\/Elena-Romero-Alvarez-Informe-POP-AACC_00015.jpg","type":"image\/jpeg"}],"twitter_card":"summary_large_image","twitter_misc":{"Est. reading time":"4 minutes"},"schema":{"@context":"https:\/\/schema.org","@graph":[{"@type":"WebPage","@id":"https:\/\/eromero.inscastellbisbal.net\/index.php\/ipop\/","url":"https:\/\/eromero.inscastellbisbal.net\/index.php\/ipop\/","name":"iPOP - Elena Romero","isPartOf":{"@id":"https:\/\/eromero.inscastellbisbal.net\/#website"},"primaryImageOfPage":{"@id":"https:\/\/eromero.inscastellbisbal.net\/index.php\/ipop\/#primaryimage"},"image":{"@id":"https:\/\/eromero.inscastellbisbal.net\/index.php\/ipop\/#primaryimage"},"thumbnailUrl":"https:\/\/eromero.inscastellbisbal.net\/wp-content\/uploads\/2024\/11\/Elena-Romero-Alvarez-Informe-POP-AACC_00015-1024x576.jpg","datePublished":"2024-11-14T11:43:26+00:00","dateModified":"2024-11-14T12:11:51+00:00","breadcrumb":{"@id":"https:\/\/eromero.inscastellbisbal.net\/index.php\/ipop\/#breadcrumb"},"inLanguage":"en-US","potentialAction":[{"@type":"ReadAction","target":["https:\/\/eromero.inscastellbisbal.net\/index.php\/ipop\/"]}]},{"@type":"ImageObject","inLanguage":"en-US","@id":"https:\/\/eromero.inscastellbisbal.net\/index.php\/ipop\/#primaryimage","url":"https:\/\/eromero.inscastellbisbal.net\/wp-content\/uploads\/2024\/11\/Elena-Romero-Alvarez-Informe-POP-AACC_00015.jpg","contentUrl":"https:\/\/eromero.inscastellbisbal.net\/wp-content\/uploads\/2024\/11\/Elena-Romero-Alvarez-Informe-POP-AACC_00015.jpg","width":2000,"height":1125},{"@type":"BreadcrumbList","@id":"https:\/\/eromero.inscastellbisbal.net\/index.php\/ipop\/#breadcrumb","itemListElement":[{"@type":"ListItem","position":1,"name":"Home","item":"https:\/\/eromero.inscastellbisbal.net\/"},{"@type":"ListItem","position":2,"name":"iPOP"}]},{"@type":"WebSite","@id":"https:\/\/eromero.inscastellbisbal.net\/#website","url":"https:\/\/eromero.inscastellbisbal.net\/","name":"Elena Romero","description":"","potentialAction":[{"@type":"SearchAction","target":{"@type":"EntryPoint","urlTemplate":"https:\/\/eromero.inscastellbisbal.net\/?s={search_term_string}"},"query-input":{"@type":"PropertyValueSpecification","valueRequired":true,"valueName":"search_term_string"}}],"inLanguage":"en-US"}]}},"_links":{"self":[{"href":"https:\/\/eromero.inscastellbisbal.net\/index.php\/wp-json\/wp\/v2\/pages\/39"}],"collection":[{"href":"https:\/\/eromero.inscastellbisbal.net\/index.php\/wp-json\/wp\/v2\/pages"}],"about":[{"href":"https:\/\/eromero.inscastellbisbal.net\/index.php\/wp-json\/wp\/v2\/types\/page"}],"author":[{"embeddable":true,"href":"https:\/\/eromero.inscastellbisbal.net\/index.php\/wp-json\/wp\/v2\/users\/1"}],"replies":[{"embeddable":true,"href":"https:\/\/eromero.inscastellbisbal.net\/index.php\/wp-json\/wp\/v2\/comments?post=39"}],"version-history":[{"count":3,"href":"https:\/\/eromero.inscastellbisbal.net\/index.php\/wp-json\/wp\/v2\/pages\/39\/revisions"}],"predecessor-version":[{"id":59,"href":"https:\/\/eromero.inscastellbisbal.net\/index.php\/wp-json\/wp\/v2\/pages\/39\/revisions\/59"}],"wp:attachment":[{"href":"https:\/\/eromero.inscastellbisbal.net\/index.php\/wp-json\/wp\/v2\/media?parent=39"}],"curies":[{"name":"wp","href":"https:\/\/api.w.org\/{rel}","templated":true}]}}